{"id":1967,"date":"2018-06-14T08:32:17","date_gmt":"2018-06-14T08:32:17","guid":{"rendered":"https:\/\/adongsilk.com\/how-to-order-2\/"},"modified":"2025-08-18T03:24:05","modified_gmt":"2025-08-18T03:24:05","slug":"how-to-order-2","status":"publish","type":"page","link":"https:\/\/adongsilk.com\/vi\/how-to-order-2\/","title":{"rendered":"How to order"},"content":{"rendered":"<p data-start=\"81\" data-end=\"254\"><strong data-start=\"81\" data-end=\"252\">Ch\u00fang t\u00f4i \u0111\u00e3 thi\u1ebft k\u1ebf d\u1ecbch v\u1ee5 may \u0111o tr\u1ef1c tuy\u1ebfn c\u1ee7a m\u00ecnh th\u1eadt \u0111\u01a1n gi\u1ea3n nh\u1ea5t c\u00f3 th\u1ec3. Ch\u1ec9 v\u1edbi v\u00e0i b\u01b0\u1edbc, b\u1ea1n \u0111\u00e3 c\u00f3 th\u1ec3 \u0111\u1eb7t may s\u1ea3n ph\u1ea9m y\u00eau th\u00edch t\u1eeb A Dong Silk \u2013 H\u1ed9i An:<\/strong><\/p>\n<p data-start=\"256\" data-end=\"462\"><span style=\"color: #ff6600;\"><strong data-start=\"256\" data-end=\"277\">1. Ch\u1ecdn ki\u1ec3u d\u00e1ng<\/strong><\/span><br data-start=\"277\" data-end=\"280\" \/>Kh\u00e1m ph\u00e1 b\u1ed9 s\u01b0u t\u1eadp \u0111\u1ea7y \u0111\u1ee7 d\u00e0nh cho nam, n\u1eef, trang ph\u1ee5c c\u01b0\u1edbi v\u00e0 ph\u1ee5 ki\u1ec7n.<br data-start=\"353\" data-end=\"356\" \/>Ch\u1ecdn lo\u1ea1i trang ph\u1ee5c b\u1ea1n mong mu\u1ed1n nh\u01b0: vest c\u00f4ng s\u1edf, tuxedo, s\u01a1 mi c\u00f4ng s\u1edf, s\u01a1 mi casual, hay qu\u1ea7n t\u00e2y\u2026<\/p>\n<p data-start=\"464\" data-end=\"555\"><span style=\"color: #ff6600;\"><strong data-start=\"464\" data-end=\"479\">2. Ch\u1ecdn v\u1ea3i<\/strong><\/span><br data-start=\"479\" data-end=\"482\" \/>L\u1ef1a ch\u1ecdn ch\u1ea5t li\u1ec7u y\u00eau th\u00edch t\u1eeb b\u1ed9 s\u01b0u t\u1eadp v\u1ea3i phong ph\u00fa c\u1ee7a ch\u00fang t\u00f4i.<\/p>\n<p data-start=\"557\" data-end=\"811\"><span style=\"color: #ff6600;\"><strong data-start=\"557\" data-end=\"586\">3. T\u00f9y ch\u1ec9nh b\u1ed9 \u0111\u1ed3 may \u0111o<\/strong><\/span><br data-start=\"586\" data-end=\"589\" \/>C\u00e1 nh\u00e2n h\u00f3a s\u1ea3n ph\u1ea9m c\u1ee7a b\u1ea1n v\u1edbi c\u00e1c chi ti\u1ebft \u0111\u1ed9c \u0111\u00e1o nh\u01b0 th\u00eau t\u00ean (monogram), ki\u1ec3u nh\u00e3n, t\u00fai, x\u1ebb t\u00e0, l\u1edbp l\u00f3t\u2026<br data-start=\"699\" data-end=\"702\" \/>B\u1ea1n c\u00f3 th\u1ec3 tho\u1ea3i m\u00e1i ch\u1ecdn theo s\u1edf th\u00edch \u2013 t\u1ea5t c\u1ea3 \u0111\u1ec1u mi\u1ec5n ph\u00ed.<br data-start=\"764\" data-end=\"767\" \/>Th\u00eam v\u00e0o gi\u1ecf h\u00e0ng v\u00e0 ti\u1ebfn h\u00e0nh thanh to\u00e1n.<\/p>\n<p data-start=\"813\" data-end=\"1353\"><span style=\"color: #ff6600;\"><strong data-start=\"813\" data-end=\"840\">4. L\u1ea5y s\u1ed1 \u0111o tr\u1ef1c tuy\u1ebfn<\/strong><\/span><br data-start=\"840\" data-end=\"843\" \/>\u0110i\u1ec1n th\u00f4ng tin c\u01a1 b\u1ea3n nh\u01b0 chi\u1ec1u cao, c\u00e2n n\u1eb7ng\u2026<br data-start=\"889\" data-end=\"892\" \/>Ch\u1ecdn c\u00e1c \u0111\u1eb7c \u0111i\u1ec3m h\u00ecnh th\u1ec3 nh\u01b0 d\u00e1ng \u0111\u1ee9ng, th\u00e2n tr\u00ean, vai, ng\u1ef1c, v\u00f2ng b\u1ee5ng\u2026<br data-start=\"966\" data-end=\"969\" \/>L\u00e0m theo h\u01b0\u1edbng d\u1eabn t\u1eebng b\u01b0\u1edbc trong video \u0111\u1ec3 t\u1ea1o h\u1ed3 s\u01a1 s\u1ed1 \u0111o c\u1ee7a b\u1ea1n. B\u1ea1n kh\u00f4ng c\u1ea7n th\u1ee3 may, ch\u1ec9 c\u1ea7n m\u1ed9t ng\u01b0\u1eddi b\u1ea1n h\u1ed7 tr\u1ee3 \u0111o.<br data-start=\"1093\" data-end=\"1096\" \/>Ch\u00fang t\u00f4i cung c\u1ea5p h\u01b0\u1edbng d\u1eabn chi ti\u1ebft \u0111\u1ec3 b\u1ea1n c\u00f3 th\u1ec3 \u0111o ch\u00ednh x\u00e1c. Sau khi nh\u1eadn \u0111\u01a1n h\u00e0ng, c\u00e1c th\u1ee3 may gi\u00e0u kinh nghi\u1ec7m s\u1ebd xem x\u00e9t l\u1ea1i s\u1ed1 \u0111o \u0111\u1ec3 \u0111\u1ea3m b\u1ea3o trang ph\u1ee5c v\u1eeba v\u1eb7n. N\u1ebfu c\u00f3 s\u1ed1 \u0111o n\u00e0o ch\u01b0a h\u1ee3p l\u00fd, ch\u00fang t\u00f4i s\u1ebd li\u00ean h\u1ec7 l\u1ea1i v\u1edbi b\u1ea1n qua email \u0111\u1ec3 x\u00e1c nh\u1eadn.<\/p>\n<p data-start=\"1355\" data-end=\"1405\"><span style=\"color: #ff6600;\"><strong data-start=\"1355\" data-end=\"1403\">5. \u0110\u0103ng k\u00fd v\u00e0 \u0111\u0103ng nh\u1eadp \u0111\u1ec3 theo d\u00f5i \u0111\u01a1n h\u00e0ng<\/strong><\/span><\/p>\n<p data-start=\"1407\" data-end=\"1508\"><span style=\"color: #ff6600;\"><strong data-start=\"1407\" data-end=\"1424\">6. Thanh to\u00e1n<\/strong><\/span><br data-start=\"1424\" data-end=\"1427\" \/>Nh\u1ea5n <strong data-start=\"1432\" data-end=\"1453\">\u201cThanh to\u00e1n ngay\u201d<\/strong> v\u00e0 ch\u1ecdn ph\u01b0\u01a1ng th\u1ee9c thanh to\u00e1n \u0111\u1ec3 ho\u00e0n t\u1ea5t \u0111\u01a1n h\u00e0ng.<\/p>\n","protected":false},"excerpt":{"rendered":"<p>Ch\u00fang t\u00f4i \u0111\u00e3 thi\u1ebft k\u1ebf d\u1ecbch v\u1ee5 may \u0111o tr\u1ef1c tuy\u1ebfn c\u1ee7a m\u00ecnh th\u1eadt \u0111\u01a1n gi\u1ea3n nh\u1ea5t c\u00f3 th\u1ec3. Ch\u1ec9 v\u1edbi v\u00e0i b\u01b0\u1edbc, b\u1ea1n \u0111\u00e3 c\u00f3 th\u1ec3 \u0111\u1eb7t may s\u1ea3n ph\u1ea9m y\u00eau th\u00edch t\u1eeb A Dong Silk \u2013 H\u1ed9i An: 1. Ch\u1ecdn ki\u1ec3u d\u00e1ngKh\u00e1m ph\u00e1 b\u1ed9 s\u01b0u t\u1eadp \u0111\u1ea7y \u0111\u1ee7 d\u00e0nh cho nam, n\u1eef, trang [&hellip;]<\/p>\n","protected":false},"author":2,"featured_media":0,"parent":0,"menu_order":0,"comment_status":"closed","ping_status":"closed","template":"","meta":{"footnotes":""},"class_list":["post-1967","page","type-page","status-publish","hentry"],"yoast_head":"<!-- This site is optimized with the Yoast SEO plugin v24.9 - https:\/\/yoast.com\/wordpress\/plugins\/seo\/ -->\n<title>How to order - A DONG SILK I Hoi An Tailor<\/title>\n<meta name=\"robots\" content=\"index, follow, max-snippet:-1, max-image-preview:large, max-video-preview:-1\" \/>\n<link rel=\"canonical\" href=\"https:\/\/adongsilk.com\/vi\/how-to-order-2\/\" \/>\n<meta property=\"og:locale\" content=\"vi_VN\" \/>\n<meta property=\"og:type\" content=\"article\" \/>\n<meta property=\"og:title\" content=\"How to order - A DONG SILK I Hoi An Tailor\" \/>\n<meta property=\"og:description\" content=\"Ch\u00fang t\u00f4i \u0111\u00e3 thi\u1ebft k\u1ebf d\u1ecbch v\u1ee5 may \u0111o tr\u1ef1c tuy\u1ebfn c\u1ee7a m\u00ecnh th\u1eadt \u0111\u01a1n gi\u1ea3n nh\u1ea5t c\u00f3 th\u1ec3. Ch\u1ec9 v\u1edbi v\u00e0i b\u01b0\u1edbc, b\u1ea1n \u0111\u00e3 c\u00f3 th\u1ec3 \u0111\u1eb7t may s\u1ea3n ph\u1ea9m y\u00eau th\u00edch t\u1eeb A Dong Silk \u2013 H\u1ed9i An: 1. Ch\u1ecdn ki\u1ec3u d\u00e1ngKh\u00e1m ph\u00e1 b\u1ed9 s\u01b0u t\u1eadp \u0111\u1ea7y \u0111\u1ee7 d\u00e0nh cho nam, n\u1eef, trang [&hellip;]\" \/>\n<meta property=\"og:url\" content=\"https:\/\/adongsilk.com\/vi\/how-to-order-2\/\" \/>\n<meta property=\"og:site_name\" content=\"A DONG SILK I Hoi An Tailor\" \/>\n<meta property=\"article:modified_time\" content=\"2025-08-18T03:24:05+00:00\" \/>\n<meta name=\"twitter:card\" content=\"summary_large_image\" \/>\n<meta name=\"twitter:label1\" content=\"\u01af\u1edbc t\u00ednh th\u1eddi gian \u0111\u1ecdc\" \/>\n\t<meta name=\"twitter:data1\" content=\"2 ph\u00fat\" \/>\n<script type=\"application\/ld+json\" class=\"yoast-schema-graph\">{\"@context\":\"https:\/\/schema.org\",\"@graph\":[{\"@type\":\"WebPage\",\"@id\":\"https:\/\/adongsilk.com\/vi\/how-to-order-2\/\",\"url\":\"https:\/\/adongsilk.com\/vi\/how-to-order-2\/\",\"name\":\"How to order - A DONG SILK I Hoi An Tailor\",\"isPartOf\":{\"@id\":\"https:\/\/adongsilk.com\/#website\"},\"datePublished\":\"2018-06-14T08:32:17+00:00\",\"dateModified\":\"2025-08-18T03:24:05+00:00\",\"breadcrumb\":{\"@id\":\"https:\/\/adongsilk.com\/vi\/how-to-order-2\/#breadcrumb\"},\"inLanguage\":\"vi\",\"potentialAction\":[{\"@type\":\"ReadAction\",\"target\":[\"https:\/\/adongsilk.com\/vi\/how-to-order-2\/\"]}]},{\"@type\":\"BreadcrumbList\",\"@id\":\"https:\/\/adongsilk.com\/vi\/how-to-order-2\/#breadcrumb\",\"itemListElement\":[{\"@type\":\"ListItem\",\"position\":1,\"name\":\"Home\",\"item\":\"https:\/\/adongsilk.com\/vi\/\"},{\"@type\":\"ListItem\",\"position\":2,\"name\":\"How to order\"}]},{\"@type\":\"WebSite\",\"@id\":\"https:\/\/adongsilk.com\/#website\",\"url\":\"https:\/\/adongsilk.com\/\",\"name\":\"A DONG SILK I Hoi An Tailor\",\"description\":\"A Dong Silk Tailor Hoi An I Best Tailor Hoi An\",\"publisher\":{\"@id\":\"https:\/\/adongsilk.com\/#organization\"},\"potentialAction\":[{\"@type\":\"SearchAction\",\"target\":{\"@type\":\"EntryPoint\",\"urlTemplate\":\"https:\/\/adongsilk.com\/?s={search_term_string}\"},\"query-input\":{\"@type\":\"PropertyValueSpecification\",\"valueRequired\":true,\"valueName\":\"search_term_string\"}}],\"inLanguage\":\"vi\"},{\"@type\":\"Organization\",\"@id\":\"https:\/\/adongsilk.com\/#organization\",\"name\":\"A DONG SILK I Hoi An Tailor\",\"url\":\"https:\/\/adongsilk.com\/\",\"logo\":{\"@type\":\"ImageObject\",\"inLanguage\":\"vi\",\"@id\":\"https:\/\/adongsilk.com\/#\/schema\/logo\/image\/\",\"url\":\"https:\/\/adongsilk.com\/wp-content\/uploads\/2026\/03\/cropped-Logo_ADS-03_2026_personal-tailoring1-scaled-1.png\",\"contentUrl\":\"https:\/\/adongsilk.com\/wp-content\/uploads\/2026\/03\/cropped-Logo_ADS-03_2026_personal-tailoring1-scaled-1.png\",\"width\":2075,\"height\":612,\"caption\":\"A DONG SILK I Hoi An Tailor\"},\"image\":{\"@id\":\"https:\/\/adongsilk.com\/#\/schema\/logo\/image\/\"},\"sameAs\":[\"https:\/\/www.pinterest.com\/adongsilk3\/\"]}]}<\/script>\n<!-- \/ Yoast SEO plugin. -->","yoast_head_json":{"title":"How to order - A DONG SILK I Hoi An Tailor","robots":{"index":"index","follow":"follow","max-snippet":"max-snippet:-1","max-image-preview":"max-image-preview:large","max-video-preview":"max-video-preview:-1"},"canonical":"https:\/\/adongsilk.com\/vi\/how-to-order-2\/","og_locale":"vi_VN","og_type":"article","og_title":"How to order - A DONG SILK I Hoi An Tailor","og_description":"Ch\u00fang t\u00f4i \u0111\u00e3 thi\u1ebft k\u1ebf d\u1ecbch v\u1ee5 may \u0111o tr\u1ef1c tuy\u1ebfn c\u1ee7a m\u00ecnh th\u1eadt \u0111\u01a1n gi\u1ea3n nh\u1ea5t c\u00f3 th\u1ec3. Ch\u1ec9 v\u1edbi v\u00e0i b\u01b0\u1edbc, b\u1ea1n \u0111\u00e3 c\u00f3 th\u1ec3 \u0111\u1eb7t may s\u1ea3n ph\u1ea9m y\u00eau th\u00edch t\u1eeb A Dong Silk \u2013 H\u1ed9i An: 1. Ch\u1ecdn ki\u1ec3u d\u00e1ngKh\u00e1m ph\u00e1 b\u1ed9 s\u01b0u t\u1eadp \u0111\u1ea7y \u0111\u1ee7 d\u00e0nh cho nam, n\u1eef, trang [&hellip;]","og_url":"https:\/\/adongsilk.com\/vi\/how-to-order-2\/","og_site_name":"A DONG SILK I Hoi An Tailor","article_modified_time":"2025-08-18T03:24:05+00:00","twitter_card":"summary_large_image","twitter_misc":{"\u01af\u1edbc t\u00ednh th\u1eddi gian \u0111\u1ecdc":"2 ph\u00fat"},"schema":{"@context":"https:\/\/schema.org","@graph":[{"@type":"WebPage","@id":"https:\/\/adongsilk.com\/vi\/how-to-order-2\/","url":"https:\/\/adongsilk.com\/vi\/how-to-order-2\/","name":"How to order - A DONG SILK I Hoi An Tailor","isPartOf":{"@id":"https:\/\/adongsilk.com\/#website"},"datePublished":"2018-06-14T08:32:17+00:00","dateModified":"2025-08-18T03:24:05+00:00","breadcrumb":{"@id":"https:\/\/adongsilk.com\/vi\/how-to-order-2\/#breadcrumb"},"inLanguage":"vi","potentialAction":[{"@type":"ReadAction","target":["https:\/\/adongsilk.com\/vi\/how-to-order-2\/"]}]},{"@type":"BreadcrumbList","@id":"https:\/\/adongsilk.com\/vi\/how-to-order-2\/#breadcrumb","itemListElement":[{"@type":"ListItem","position":1,"name":"Home","item":"https:\/\/adongsilk.com\/vi\/"},{"@type":"ListItem","position":2,"name":"How to order"}]},{"@type":"WebSite","@id":"https:\/\/adongsilk.com\/#website","url":"https:\/\/adongsilk.com\/","name":"A DONG SILK I Hoi An Tailor","description":"A Dong Silk Tailor Hoi An I Best Tailor Hoi An","publisher":{"@id":"https:\/\/adongsilk.com\/#organization"},"potentialAction":[{"@type":"SearchAction","target":{"@type":"EntryPoint","urlTemplate":"https:\/\/adongsilk.com\/?s={search_term_string}"},"query-input":{"@type":"PropertyValueSpecification","valueRequired":true,"valueName":"search_term_string"}}],"inLanguage":"vi"},{"@type":"Organization","@id":"https:\/\/adongsilk.com\/#organization","name":"A DONG SILK I Hoi An Tailor","url":"https:\/\/adongsilk.com\/","logo":{"@type":"ImageObject","inLanguage":"vi","@id":"https:\/\/adongsilk.com\/#\/schema\/logo\/image\/","url":"https:\/\/adongsilk.com\/wp-content\/uploads\/2026\/03\/cropped-Logo_ADS-03_2026_personal-tailoring1-scaled-1.png","contentUrl":"https:\/\/adongsilk.com\/wp-content\/uploads\/2026\/03\/cropped-Logo_ADS-03_2026_personal-tailoring1-scaled-1.png","width":2075,"height":612,"caption":"A DONG SILK I Hoi An Tailor"},"image":{"@id":"https:\/\/adongsilk.com\/#\/schema\/logo\/image\/"},"sameAs":["https:\/\/www.pinterest.com\/adongsilk3\/"]}]}},"_links":{"self":[{"href":"https:\/\/adongsilk.com\/vi\/wp-json\/wp\/v2\/pages\/1967","targetHints":{"allow":["GET"]}}],"collection":[{"href":"https:\/\/adongsilk.com\/vi\/wp-json\/wp\/v2\/pages"}],"about":[{"href":"https:\/\/adongsilk.com\/vi\/wp-json\/wp\/v2\/types\/page"}],"author":[{"embeddable":true,"href":"https:\/\/adongsilk.com\/vi\/wp-json\/wp\/v2\/users\/2"}],"replies":[{"embeddable":true,"href":"https:\/\/adongsilk.com\/vi\/wp-json\/wp\/v2\/comments?post=1967"}],"version-history":[{"count":4,"href":"https:\/\/adongsilk.com\/vi\/wp-json\/wp\/v2\/pages\/1967\/revisions"}],"predecessor-version":[{"id":37313,"href":"https:\/\/adongsilk.com\/vi\/wp-json\/wp\/v2\/pages\/1967\/revisions\/37313"}],"wp:attachment":[{"href":"https:\/\/adongsilk.com\/vi\/wp-json\/wp\/v2\/media?parent=1967"}],"curies":[{"name":"wp","href":"https:\/\/api.w.org\/{rel}","templated":true}]}}