{"id":1969,"date":"2018-06-14T08:14:04","date_gmt":"2018-06-14T08:14:04","guid":{"rendered":"https:\/\/adongsilk.com\/faqs\/"},"modified":"2025-08-12T03:44:15","modified_gmt":"2025-08-12T03:44:15","slug":"faqs-tho-may-hoi-an-suit-hoi-an-vest-hoi-an","status":"publish","type":"page","link":"https:\/\/adongsilk.com\/vi\/faqs-tho-may-hoi-an-suit-hoi-an-vest-hoi-an\/","title":{"rendered":"FAQS"},"content":{"rendered":"<h2 data-start=\"193\" data-end=\"212\"><span style=\"color: #ff6600;\"><strong data-start=\"196\" data-end=\"210\">\u0110\u0102NG K\u00dd TH\u00c0NH VI\u00caN<\/strong><\/span><\/h2>\n<h3 data-start=\"214\" data-end=\"313\"><span style=\"color: #ff6600;\"><strong data-start=\"218\" data-end=\"311\">L\u00e0m sao \u0111\u1ec3 \u0111\u0103ng k\u00fd th\u00e0nh vi\u00ean t\u1ea1i A Dong Silk \u2013 Th\u1ee3 May H\u1ed9i An, Suit H\u1ed9i An, Vest H\u1ed9i An?<\/strong><\/span><\/h3>\n<p data-start=\"314\" data-end=\"492\">Vi\u1ec7c tr\u1edf th\u00e0nh th\u00e0nh vi\u00ean r\u1ea5t \u0111\u01a1n gi\u1ea3n. Ch\u1ec9 c\u1ea7n truy c\u1eadp trang ch\u1ee7 <strong data-start=\"381\" data-end=\"402\"><a class=\"\" href=\"http:\/\/www.adongsilk.com\" target=\"_new\" rel=\"noopener noreferrer\" data-start=\"383\" data-end=\"400\">www.adongsilk.com<\/a><\/strong>, nh\u1ea5n v\u00e0o m\u1ee5c <strong data-start=\"417\" data-end=\"430\">\u201cSign in\u201d<\/strong> \u1edf g\u00f3c tr\u00ean b\u00ean ph\u1ea3i, sau \u0111\u00f3 ch\u1ecdn <strong data-start=\"464\" data-end=\"478\">\u201cRegister\u201d<\/strong> \u0111\u1ec3 \u0111\u0103ng k\u00fd.<\/p>\n<p data-start=\"494\" data-end=\"530\">C\u00f3 2 c\u00e1ch \u0111\u1ec3 tr\u1edf th\u00e0nh th\u00e0nh vi\u00ean:<\/p>\n<ol data-start=\"531\" data-end=\"707\">\n<li data-start=\"531\" data-end=\"625\">\n<p data-start=\"534\" data-end=\"625\">\u0110\u0103ng k\u00fd v\u00e0 t\u1ea1o t\u00e0i kho\u1ea3n b\u1eb1ng c\u00e1ch cung c\u1ea5p t\u00ean \u0111\u0103ng nh\u1eadp, email v\u00e0 th\u00f4ng tin thanh to\u00e1n.<\/p>\n<\/li>\n<li data-start=\"626\" data-end=\"707\">\n<p data-start=\"629\" data-end=\"707\">Ch\u1ecdn v\u1ea3i v\u00e0 ki\u1ec3u d\u00e1ng tr\u01b0\u1edbc, sau \u0111\u00f3 \u0111\u0103ng k\u00fd t\u00e0i kho\u1ea3n \u0111\u1ec3 th\u1ef1c hi\u1ec7n \u0111\u01a1n h\u00e0ng.<\/p>\n<\/li>\n<\/ol>\n<p data-start=\"709\" data-end=\"820\">Sau khi t\u1ea1o t\u00e0i kho\u1ea3n v\u00e0 \u0111i\u1ec1n th\u00f4ng tin, <strong data-start=\"750\" data-end=\"782\">A Dong Silk \u2013 th\u1ee3 may H\u1ed9i An<\/strong> s\u1ebd g\u1eedi email x\u00e1c nh\u1eadn ngay l\u1eadp t\u1ee9c.<\/p>\n<h3 data-start=\"827\" data-end=\"882\"><\/h3>\n<h3 data-start=\"827\" data-end=\"882\"><\/h3>\n<h3 data-start=\"827\" data-end=\"882\"><span style=\"color: #ff6600;\"><strong data-start=\"831\" data-end=\"880\">Qu\u00ean m\u1eadt kh\u1ea9u \u2013 l\u00e0m th\u1ebf n\u00e0o \u0111\u1ec3 \u0111\u0103ng nh\u1eadp l\u1ea1i?<\/strong><\/span><\/h3>\n<p data-start=\"883\" data-end=\"1103\">N\u1ebfu qu\u00ean m\u1eadt kh\u1ea9u, h\u00e3y nh\u1ea5p v\u00e0o li\u00ean k\u1ebft kh\u00f4i ph\u1ee5c m\u1eadt kh\u1ea9u, ch\u00fang t\u00f4i s\u1ebd g\u1eedi email h\u01b0\u1edbng d\u1eabn. N\u1ebfu sau 24 gi\u1edd kh\u00f4ng nh\u1eadn \u0111\u01b0\u1ee3c email, vui l\u00f2ng ki\u1ec3m tra th\u01b0 m\u1ee5c spam. N\u1ebfu v\u1eabn kh\u00f4ng c\u00f3, li\u00ean h\u1ec7 qua <strong data-start=\"1078\" data-end=\"1100\"><a class=\"cursor-pointer\" rel=\"noopener\" data-start=\"1080\" data-end=\"1098\">info@adongsilk.com<\/a><\/strong>.<\/p>\n<h2 data-start=\"1110\" data-end=\"1141\"><\/h2>\n<h2 data-start=\"1110\" data-end=\"1141\"><\/h2>\n<h2 data-start=\"1110\" data-end=\"1141\"><span style=\"color: #ff6600;\"><strong data-start=\"1113\" data-end=\"1139\">GIAO H\u00c0NG &amp; V\u1eacN CHUY\u1ec2N<\/strong><\/span><\/h2>\n<h3 data-start=\"1143\" data-end=\"1182\"><span style=\"color: #ff6600;\"><strong data-start=\"1147\" data-end=\"1180\">Th\u1eddi gian ho\u00e0n th\u00e0nh \u0111\u01a1n h\u00e0ng<\/strong><\/span><\/h3>\n<p data-start=\"1183\" data-end=\"1344\">T\u1ea5t c\u1ea3 s\u1ea3n ph\u1ea9m <strong data-start=\"1199\" data-end=\"1214\">Suit H\u1ed9i An<\/strong>, <strong data-start=\"1216\" data-end=\"1231\">Vest H\u1ed9i An<\/strong> v\u00e0 trang ph\u1ee5c may \u0111o \u0111\u1ec1u \u0111\u01b0\u1ee3c l\u00e0m th\u1ee7 c\u00f4ng, ho\u00e0n thi\u1ec7n trong 2 ng\u00e0y t\u1ea1i c\u1eeda h\u00e0ng v\u00e0 giao to\u00e0n c\u1ea7u t\u1eeb 5\u20137 ng\u00e0y.<\/p>\n<h3 data-start=\"1346\" data-end=\"1376\"><span style=\"color: #ff6600;\"><strong data-start=\"1350\" data-end=\"1374\">H\u00ecnh th\u1ee9c v\u1eadn chuy\u1ec3n<\/strong><\/span><\/h3>\n<ul data-start=\"1377\" data-end=\"1417\">\n<li data-start=\"1377\" data-end=\"1409\">\n<p data-start=\"1379\" data-end=\"1409\">B\u01b0u \u0111i\u1ec7n ti\u00eau chu\u1ea9n Vi\u1ec7t Nam<\/p>\n<\/li>\n<li data-start=\"1410\" data-end=\"1417\">\n<p data-start=\"1412\" data-end=\"1417\">DHL<\/p>\n<\/li>\n<\/ul>\n<h3 data-start=\"1419\" data-end=\"1457\"><span style=\"color: #ff6600;\"><strong data-start=\"1423\" data-end=\"1455\">Theo d\u00f5i tr\u1ea1ng th\u00e1i \u0111\u01a1n h\u00e0ng<\/strong><\/span><\/h3>\n<ul data-start=\"1458\" data-end=\"1629\">\n<li data-start=\"1458\" data-end=\"1500\">\n<p data-start=\"1460\" data-end=\"1500\"><strong data-start=\"1460\" data-end=\"1471\">Pending<\/strong>: Ch\u01b0a nh\u1eadn \u0111\u01b0\u1ee3c thanh to\u00e1n<\/p>\n<\/li>\n<li data-start=\"1501\" data-end=\"1571\">\n<p data-start=\"1503\" data-end=\"1571\"><strong data-start=\"1503\" data-end=\"1527\">Awaiting measurement<\/strong>: \u0110ang ki\u1ec3m tra s\u1ed1 \u0111o v\u00e0 x\u00e1c nh\u1eadn \u0111\u01a1n h\u00e0ng<\/p>\n<\/li>\n<li data-start=\"1572\" data-end=\"1629\">\n<p data-start=\"1574\" data-end=\"1629\"><strong data-start=\"1574\" data-end=\"1591\">In production<\/strong>: \u0110ang s\u1ea3n xu\u1ea5t v\u00e0 chu\u1ea9n b\u1ecb g\u1eedi h\u00e0ng<\/p>\n<\/li>\n<\/ul>\n<h2 data-start=\"1636\" data-end=\"1662\"><\/h2>\n<h2 data-start=\"1636\" data-end=\"1662\"><\/h2>\n<h2 data-start=\"1636\" data-end=\"1662\"><span style=\"color: #ff6600;\"><strong data-start=\"1639\" data-end=\"1660\">S\u1ed0 \u0110O &amp; T\u00d9Y CH\u1ec8NH<\/strong><\/span><\/h2>\n<ul data-start=\"1664\" data-end=\"1897\">\n<li data-start=\"1664\" data-end=\"1762\">\n<p data-start=\"1666\" data-end=\"1762\">Kh\u00e1ch h\u00e0ng c\u0169 kh\u00f4ng c\u1ea7n \u0111o l\u1ea1i, tr\u1eeb khi mu\u1ed1n thay \u0111\u1ed5i s\u1ed1 \u0111o (ch\u1ec9 c\u1ea7n g\u1eedi email th\u00f4ng tin m\u1edbi).<\/p>\n<\/li>\n<li data-start=\"1763\" data-end=\"1824\">\n<p data-start=\"1765\" data-end=\"1824\">C\u00f3 th\u1ec3 \u0111\u1ed5i v\u1ea3i ho\u1eb7c ki\u1ec3u d\u00e1ng n\u1ebfu \u0111\u01a1n h\u00e0ng ch\u01b0a s\u1ea3n xu\u1ea5t.<\/p>\n<\/li>\n<li data-start=\"1825\" data-end=\"1897\">\n<p data-start=\"1827\" data-end=\"1897\">B\u1ea3o h\u00e0nh 3 th\u00e1ng n\u1ebfu b\u1ecb phai m\u00e0u, co r\u00fat, bung ch\u1ec9 ho\u1eb7c n\u1ed5i b\u1ecdt v\u1ea3i.<\/p>\n<\/li>\n<\/ul>\n<h2 data-start=\"1904\" data-end=\"1933\"><\/h2>\n<h2 data-start=\"1904\" data-end=\"1933\"><\/h2>\n<h2 data-start=\"1904\" data-end=\"1933\"><span style=\"color: #ff6600;\"><strong data-start=\"1907\" data-end=\"1931\">THANH TO\u00c1N &amp; H\u1eceI \u0110\u00c1P<\/strong><\/span><\/h2>\n<ul data-start=\"1935\" data-end=\"2165\">\n<li data-start=\"1935\" data-end=\"2004\">\n<p data-start=\"1937\" data-end=\"2004\">Ch\u1ea5p nh\u1eadn th\u1ebb Visa, MasterCard, AmEx, JCB (credit\/debit\/prepaid).<\/p>\n<\/li>\n<li data-start=\"2005\" data-end=\"2078\">\n<p data-start=\"2007\" data-end=\"2078\">M\u1ed9t s\u1ed1 ng\u00e2n h\u00e0ng y\u00eau c\u1ea7u k\u00edch ho\u1ea1t ch\u1ee9c n\u0103ng thanh to\u00e1n online tr\u01b0\u1edbc.<\/p>\n<\/li>\n<li data-start=\"2079\" data-end=\"2165\">\n<p data-start=\"2081\" data-end=\"2165\">Thanh to\u00e1n qua <strong data-start=\"2096\" data-end=\"2106\">OnePay<\/strong> \u2013 c\u1ed5ng thanh to\u00e1n qu\u1ed1c t\u1ebf \u0111\u01b0\u1ee3c li\u00ean k\u1ebft v\u1edbi Vietcombank.<\/p>\n<\/li>\n<\/ul>\n<h2 data-start=\"2172\" data-end=\"2202\"><\/h2>\n<h2 data-start=\"2172\" data-end=\"2202\"><\/h2>\n<h2 data-start=\"2172\" data-end=\"2202\"><span style=\"color: #ff6600;\"><strong data-start=\"2175\" data-end=\"2200\">CH\u1ec8NH S\u1eecA &amp; HO\u00c0N TI\u1ec0N<\/strong><\/span><\/h2>\n<ul data-start=\"2204\" data-end=\"2357\">\n<li data-start=\"2204\" data-end=\"2278\">\n<p data-start=\"2206\" data-end=\"2278\">N\u1ebfu s\u1ea3n ph\u1ea9m kh\u00f4ng v\u1eeba, g\u1eedi l\u1ea1i \u0111\u1ec3 <strong data-start=\"2241\" data-end=\"2256\">A Dong Silk<\/strong> ch\u1ec9nh s\u1eeda mi\u1ec5n ph\u00ed.<\/p>\n<\/li>\n<li data-start=\"2279\" data-end=\"2357\">\n<p data-start=\"2281\" data-end=\"2357\">Ho\u00e0n ti\u1ec1n s\u1ebd \u0111\u01b0\u1ee3c x\u1eed l\u00fd trong v\u00f2ng 10 ng\u00e0y (t\u1ed1i \u0111a 30 ng\u00e0y theo quy \u0111\u1ecbnh).<\/p>\n<\/li>\n<\/ul>\n<h2 data-start=\"2364\" data-end=\"2391\"><\/h2>\n<h2 data-start=\"2364\" data-end=\"2391\"><\/h2>\n<h2 data-start=\"2364\" data-end=\"2391\"><span style=\"color: #ff6600;\"><strong data-start=\"2367\" data-end=\"2389\">CH\u00cdNH S\u00c1CH B\u1ea2O M\u1eacT<\/strong><\/span><\/h2>\n<ul data-start=\"2393\" data-end=\"2591\">\n<li data-start=\"2393\" data-end=\"2497\">\n<p data-start=\"2395\" data-end=\"2497\">Th\u00f4ng tin c\u00e1 nh\u00e2n (t\u00ean, email, \u0111\u1ecba ch\u1ec9 giao h\u00e0ng) ch\u1ec9 d\u00f9ng \u0111\u1ec3 x\u1eed l\u00fd \u0111\u01a1n h\u00e0ng v\u00e0 ch\u0103m s\u00f3c kh\u00e1ch h\u00e0ng.<\/p>\n<\/li>\n<li data-start=\"2498\" data-end=\"2591\">\n<p data-start=\"2500\" data-end=\"2591\"><strong data-start=\"2500\" data-end=\"2532\">A Dong Silk \u2013 th\u1ee3 may H\u1ed9i An<\/strong> cam k\u1ebft kh\u00f4ng chia s\u1ebb d\u1eef li\u1ec7u kh\u00e1ch h\u00e0ng v\u1edbi b\u00ean th\u1ee9 ba.<\/p>\n<\/li>\n<\/ul>\n","protected":false},"excerpt":{"rendered":"<p>\u0110\u0102NG K\u00dd TH\u00c0NH VI\u00caN L\u00e0m sao \u0111\u1ec3 \u0111\u0103ng k\u00fd th\u00e0nh vi\u00ean t\u1ea1i A Dong Silk \u2013 Th\u1ee3 May H\u1ed9i An, Suit H\u1ed9i An, Vest H\u1ed9i An? Vi\u1ec7c tr\u1edf th\u00e0nh th\u00e0nh vi\u00ean r\u1ea5t \u0111\u01a1n gi\u1ea3n. Ch\u1ec9 c\u1ea7n truy c\u1eadp trang ch\u1ee7 www.adongsilk.com, nh\u1ea5n v\u00e0o m\u1ee5c \u201cSign in\u201d \u1edf g\u00f3c tr\u00ean b\u00ean ph\u1ea3i, sau \u0111\u00f3 ch\u1ecdn \u201cRegister\u201d [&hellip;]<\/p>\n","protected":false},"author":2,"featured_media":0,"parent":0,"menu_order":0,"comment_status":"closed","ping_status":"closed","template":"","meta":{"footnotes":""},"class_list":["post-1969","page","type-page","status-publish","hentry"],"yoast_head":"<!-- This site is optimized with the Yoast SEO plugin v24.9 - https:\/\/yoast.com\/wordpress\/plugins\/seo\/ -->\n<title>FAQS - \u2013 Th\u1ee3 May H\u1ed9i An | Suit H\u1ed9i An &amp; Vest H\u1ed9i An<\/title>\n<meta name=\"description\" content=\"Th\u1ee3 may H\u1ed9i An A Dong Silk \u2013 chuy\u00ean Suit H\u1ed9i An &amp; Vest H\u1ed9i An may \u0111o cao c\u1ea5p, d\u1ecbch v\u1ee5 t\u1eadn t\u00e2m, giao h\u00e0ng to\u00e0n c\u1ea7u nhanh ch\u00f3ng.\" \/>\n<meta name=\"robots\" content=\"index, follow, max-snippet:-1, max-image-preview:large, max-video-preview:-1\" \/>\n<link rel=\"canonical\" href=\"https:\/\/adongsilk.com\/vi\/faqs-tho-may-hoi-an-suit-hoi-an-vest-hoi-an\/\" \/>\n<meta property=\"og:locale\" content=\"vi_VN\" \/>\n<meta property=\"og:type\" content=\"article\" \/>\n<meta property=\"og:title\" content=\"FAQS - \u2013 Th\u1ee3 May H\u1ed9i An | Suit H\u1ed9i An &amp; Vest H\u1ed9i An\" \/>\n<meta property=\"og:description\" content=\"Th\u1ee3 may H\u1ed9i An A Dong Silk \u2013 chuy\u00ean Suit H\u1ed9i An &amp; Vest H\u1ed9i An may \u0111o cao c\u1ea5p, d\u1ecbch v\u1ee5 t\u1eadn t\u00e2m, giao h\u00e0ng to\u00e0n c\u1ea7u nhanh ch\u00f3ng.\" \/>\n<meta property=\"og:url\" content=\"https:\/\/adongsilk.com\/vi\/faqs-tho-may-hoi-an-suit-hoi-an-vest-hoi-an\/\" \/>\n<meta property=\"og:site_name\" content=\"A DONG SILK I Hoi An Tailor\" \/>\n<meta property=\"article:modified_time\" content=\"2025-08-12T03:44:15+00:00\" \/>\n<meta name=\"twitter:card\" content=\"summary_large_image\" \/>\n<meta name=\"twitter:label1\" content=\"\u01af\u1edbc t\u00ednh th\u1eddi gian \u0111\u1ecdc\" \/>\n\t<meta name=\"twitter:data1\" content=\"3 ph\u00fat\" \/>\n<script type=\"application\/ld+json\" class=\"yoast-schema-graph\">{\"@context\":\"https:\/\/schema.org\",\"@graph\":[{\"@type\":\"WebPage\",\"@id\":\"https:\/\/adongsilk.com\/vi\/faqs-tho-may-hoi-an-suit-hoi-an-vest-hoi-an\/\",\"url\":\"https:\/\/adongsilk.com\/vi\/faqs-tho-may-hoi-an-suit-hoi-an-vest-hoi-an\/\",\"name\":\"FAQS - \u2013 Th\u1ee3 May H\u1ed9i An | Suit H\u1ed9i An & Vest H\u1ed9i An\",\"isPartOf\":{\"@id\":\"https:\/\/adongsilk.com\/#website\"},\"datePublished\":\"2018-06-14T08:14:04+00:00\",\"dateModified\":\"2025-08-12T03:44:15+00:00\",\"description\":\"Th\u1ee3 may H\u1ed9i An A Dong Silk \u2013 chuy\u00ean Suit H\u1ed9i An & Vest H\u1ed9i An may \u0111o cao c\u1ea5p, d\u1ecbch v\u1ee5 t\u1eadn t\u00e2m, giao h\u00e0ng to\u00e0n c\u1ea7u nhanh ch\u00f3ng.\",\"breadcrumb\":{\"@id\":\"https:\/\/adongsilk.com\/vi\/faqs-tho-may-hoi-an-suit-hoi-an-vest-hoi-an\/#breadcrumb\"},\"inLanguage\":\"vi\",\"potentialAction\":[{\"@type\":\"ReadAction\",\"target\":[\"https:\/\/adongsilk.com\/vi\/faqs-tho-may-hoi-an-suit-hoi-an-vest-hoi-an\/\"]}]},{\"@type\":\"BreadcrumbList\",\"@id\":\"https:\/\/adongsilk.com\/vi\/faqs-tho-may-hoi-an-suit-hoi-an-vest-hoi-an\/#breadcrumb\",\"itemListElement\":[{\"@type\":\"ListItem\",\"position\":1,\"name\":\"Home\",\"item\":\"https:\/\/adongsilk.com\/vi\/\"},{\"@type\":\"ListItem\",\"position\":2,\"name\":\"FAQS\"}]},{\"@type\":\"WebSite\",\"@id\":\"https:\/\/adongsilk.com\/#website\",\"url\":\"https:\/\/adongsilk.com\/\",\"name\":\"A DONG SILK I Hoi An Tailor\",\"description\":\"A Dong Silk Tailor Hoi An I Best Tailor Hoi An\",\"publisher\":{\"@id\":\"https:\/\/adongsilk.com\/#organization\"},\"potentialAction\":[{\"@type\":\"SearchAction\",\"target\":{\"@type\":\"EntryPoint\",\"urlTemplate\":\"https:\/\/adongsilk.com\/?s={search_term_string}\"},\"query-input\":{\"@type\":\"PropertyValueSpecification\",\"valueRequired\":true,\"valueName\":\"search_term_string\"}}],\"inLanguage\":\"vi\"},{\"@type\":\"Organization\",\"@id\":\"https:\/\/adongsilk.com\/#organization\",\"name\":\"A DONG SILK I Hoi An Tailor\",\"url\":\"https:\/\/adongsilk.com\/\",\"logo\":{\"@type\":\"ImageObject\",\"inLanguage\":\"vi\",\"@id\":\"https:\/\/adongsilk.com\/#\/schema\/logo\/image\/\",\"url\":\"https:\/\/adongsilk.com\/wp-content\/uploads\/2026\/03\/cropped-Logo_ADS-03_2026_personal-tailoring1-scaled-1.png\",\"contentUrl\":\"https:\/\/adongsilk.com\/wp-content\/uploads\/2026\/03\/cropped-Logo_ADS-03_2026_personal-tailoring1-scaled-1.png\",\"width\":2075,\"height\":612,\"caption\":\"A DONG SILK I Hoi An Tailor\"},\"image\":{\"@id\":\"https:\/\/adongsilk.com\/#\/schema\/logo\/image\/\"},\"sameAs\":[\"https:\/\/www.pinterest.com\/adongsilk3\/\"]}]}<\/script>\n<!-- \/ Yoast SEO plugin. -->","yoast_head_json":{"title":"FAQS - \u2013 Th\u1ee3 May H\u1ed9i An | Suit H\u1ed9i An & Vest H\u1ed9i An","description":"Th\u1ee3 may H\u1ed9i An A Dong Silk \u2013 chuy\u00ean Suit H\u1ed9i An & Vest H\u1ed9i An may \u0111o cao c\u1ea5p, d\u1ecbch v\u1ee5 t\u1eadn t\u00e2m, giao h\u00e0ng to\u00e0n c\u1ea7u nhanh ch\u00f3ng.","robots":{"index":"index","follow":"follow","max-snippet":"max-snippet:-1","max-image-preview":"max-image-preview:large","max-video-preview":"max-video-preview:-1"},"canonical":"https:\/\/adongsilk.com\/vi\/faqs-tho-may-hoi-an-suit-hoi-an-vest-hoi-an\/","og_locale":"vi_VN","og_type":"article","og_title":"FAQS - \u2013 Th\u1ee3 May H\u1ed9i An | Suit H\u1ed9i An & Vest H\u1ed9i An","og_description":"Th\u1ee3 may H\u1ed9i An A Dong Silk \u2013 chuy\u00ean Suit H\u1ed9i An & Vest H\u1ed9i An may \u0111o cao c\u1ea5p, d\u1ecbch v\u1ee5 t\u1eadn t\u00e2m, giao h\u00e0ng to\u00e0n c\u1ea7u nhanh ch\u00f3ng.","og_url":"https:\/\/adongsilk.com\/vi\/faqs-tho-may-hoi-an-suit-hoi-an-vest-hoi-an\/","og_site_name":"A DONG SILK I Hoi An Tailor","article_modified_time":"2025-08-12T03:44:15+00:00","twitter_card":"summary_large_image","twitter_misc":{"\u01af\u1edbc t\u00ednh th\u1eddi gian \u0111\u1ecdc":"3 ph\u00fat"},"schema":{"@context":"https:\/\/schema.org","@graph":[{"@type":"WebPage","@id":"https:\/\/adongsilk.com\/vi\/faqs-tho-may-hoi-an-suit-hoi-an-vest-hoi-an\/","url":"https:\/\/adongsilk.com\/vi\/faqs-tho-may-hoi-an-suit-hoi-an-vest-hoi-an\/","name":"FAQS - \u2013 Th\u1ee3 May H\u1ed9i An | Suit H\u1ed9i An & Vest H\u1ed9i An","isPartOf":{"@id":"https:\/\/adongsilk.com\/#website"},"datePublished":"2018-06-14T08:14:04+00:00","dateModified":"2025-08-12T03:44:15+00:00","description":"Th\u1ee3 may H\u1ed9i An A Dong Silk \u2013 chuy\u00ean Suit H\u1ed9i An & Vest H\u1ed9i An may \u0111o cao c\u1ea5p, d\u1ecbch v\u1ee5 t\u1eadn t\u00e2m, giao h\u00e0ng to\u00e0n c\u1ea7u nhanh ch\u00f3ng.","breadcrumb":{"@id":"https:\/\/adongsilk.com\/vi\/faqs-tho-may-hoi-an-suit-hoi-an-vest-hoi-an\/#breadcrumb"},"inLanguage":"vi","potentialAction":[{"@type":"ReadAction","target":["https:\/\/adongsilk.com\/vi\/faqs-tho-may-hoi-an-suit-hoi-an-vest-hoi-an\/"]}]},{"@type":"BreadcrumbList","@id":"https:\/\/adongsilk.com\/vi\/faqs-tho-may-hoi-an-suit-hoi-an-vest-hoi-an\/#breadcrumb","itemListElement":[{"@type":"ListItem","position":1,"name":"Home","item":"https:\/\/adongsilk.com\/vi\/"},{"@type":"ListItem","position":2,"name":"FAQS"}]},{"@type":"WebSite","@id":"https:\/\/adongsilk.com\/#website","url":"https:\/\/adongsilk.com\/","name":"A DONG SILK I Hoi An Tailor","description":"A Dong Silk Tailor Hoi An I Best Tailor Hoi An","publisher":{"@id":"https:\/\/adongsilk.com\/#organization"},"potentialAction":[{"@type":"SearchAction","target":{"@type":"EntryPoint","urlTemplate":"https:\/\/adongsilk.com\/?s={search_term_string}"},"query-input":{"@type":"PropertyValueSpecification","valueRequired":true,"valueName":"search_term_string"}}],"inLanguage":"vi"},{"@type":"Organization","@id":"https:\/\/adongsilk.com\/#organization","name":"A DONG SILK I Hoi An Tailor","url":"https:\/\/adongsilk.com\/","logo":{"@type":"ImageObject","inLanguage":"vi","@id":"https:\/\/adongsilk.com\/#\/schema\/logo\/image\/","url":"https:\/\/adongsilk.com\/wp-content\/uploads\/2026\/03\/cropped-Logo_ADS-03_2026_personal-tailoring1-scaled-1.png","contentUrl":"https:\/\/adongsilk.com\/wp-content\/uploads\/2026\/03\/cropped-Logo_ADS-03_2026_personal-tailoring1-scaled-1.png","width":2075,"height":612,"caption":"A DONG SILK I Hoi An Tailor"},"image":{"@id":"https:\/\/adongsilk.com\/#\/schema\/logo\/image\/"},"sameAs":["https:\/\/www.pinterest.com\/adongsilk3\/"]}]}},"_links":{"self":[{"href":"https:\/\/adongsilk.com\/vi\/wp-json\/wp\/v2\/pages\/1969","targetHints":{"allow":["GET"]}}],"collection":[{"href":"https:\/\/adongsilk.com\/vi\/wp-json\/wp\/v2\/pages"}],"about":[{"href":"https:\/\/adongsilk.com\/vi\/wp-json\/wp\/v2\/types\/page"}],"author":[{"embeddable":true,"href":"https:\/\/adongsilk.com\/vi\/wp-json\/wp\/v2\/users\/2"}],"replies":[{"embeddable":true,"href":"https:\/\/adongsilk.com\/vi\/wp-json\/wp\/v2\/comments?post=1969"}],"version-history":[{"count":5,"href":"https:\/\/adongsilk.com\/vi\/wp-json\/wp\/v2\/pages\/1969\/revisions"}],"predecessor-version":[{"id":37265,"href":"https:\/\/adongsilk.com\/vi\/wp-json\/wp\/v2\/pages\/1969\/revisions\/37265"}],"wp:attachment":[{"href":"https:\/\/adongsilk.com\/vi\/wp-json\/wp\/v2\/media?parent=1969"}],"curies":[{"name":"wp","href":"https:\/\/api.w.org\/{rel}","templated":true}]}}