{"id":2012,"date":"2018-05-08T06:26:47","date_gmt":"2018-05-08T06:26:47","guid":{"rendered":"https:\/\/adongsilk.com\/contact-us\/"},"modified":"2025-08-12T03:31:25","modified_gmt":"2025-08-12T03:31:25","slug":"contact-us","status":"publish","type":"page","link":"https:\/\/adongsilk.com\/vi\/contact-us\/","title":{"rendered":"Li\u00ean h\u1ec7"},"content":{"rendered":"<p><span style=\"color: #ff6600;\"><strong data-start=\"127\" data-end=\"159\">A Dong Silk \u2013 th\u1ee3 may H\u1ed9i An<\/strong><\/span> lu\u00f4n t\u1eadn t\u00e2m ph\u1ee5c v\u1ee5 nhu c\u1ea7u c\u1ee7a kh\u00e1ch h\u00e0ng hi\u1ec7n t\u1ea1i v\u00e0 kh\u00e1ch h\u00e0ng ti\u1ec1m n\u0103ng, cam k\u1ebft ph\u1ea3n h\u1ed3i m\u1ecdi c\u00e2u h\u1ecfi, \u00fd ki\u1ebfn ho\u1eb7c y\u00eau c\u1ea7u trong v\u00f2ng <strong data-start=\"299\" data-end=\"309\">24 gi\u1edd<\/strong>.<\/p>\n","protected":false},"excerpt":{"rendered":"<p>A Dong Silk \u2013 th\u1ee3 may H\u1ed9i An lu\u00f4n t\u1eadn t\u00e2m ph\u1ee5c v\u1ee5 nhu c\u1ea7u c\u1ee7a kh\u00e1ch h\u00e0ng hi\u1ec7n t\u1ea1i v\u00e0 kh\u00e1ch h\u00e0ng ti\u1ec1m n\u0103ng, cam k\u1ebft ph\u1ea3n h\u1ed3i m\u1ecdi c\u00e2u h\u1ecfi, \u00fd ki\u1ebfn ho\u1eb7c y\u00eau c\u1ea7u trong v\u00f2ng 24 gi\u1edd.<\/p>\n","protected":false},"author":1,"featured_media":0,"parent":0,"menu_order":0,"comment_status":"closed","ping_status":"closed","template":"page-template\/contact.php","meta":{"footnotes":""},"class_list":["post-2012","page","type-page","status-publish","hentry"],"yoast_head":"<!-- This site is optimized with the Yoast SEO plugin v24.9 - https:\/\/yoast.com\/wordpress\/plugins\/seo\/ -->\n<title>Li\u00ean h\u1ec7 - A DONG SILK I Hoi An Tailor I Best Custom Tailors in Hoi An<\/title>\n<meta name=\"description\" content=\"A Dong Silk \u2013 th\u1ee3 may H\u1ed9i An uy t\u00edn, chuy\u00ean Suit Hoi An v\u00e0 Vest H\u1ed9i An may \u0111o cao c\u1ea5p, d\u1ecbch v\u1ee5 t\u1eadn t\u00e2m, \u0111\u00e1p \u1ee9ng m\u1ecdi y\u00eau c\u1ea7u trong 24 gi\u1edd.\" \/>\n<meta name=\"robots\" content=\"index, follow, max-snippet:-1, max-image-preview:large, max-video-preview:-1\" \/>\n<link rel=\"canonical\" href=\"https:\/\/adongsilk.com\/vi\/contact-us\/\" \/>\n<meta property=\"og:locale\" content=\"vi_VN\" \/>\n<meta property=\"og:type\" content=\"article\" \/>\n<meta property=\"og:title\" content=\"Li\u00ean h\u1ec7 - A DONG SILK I Hoi An Tailor I Best Custom Tailors in Hoi An\" \/>\n<meta property=\"og:description\" content=\"A Dong Silk \u2013 th\u1ee3 may H\u1ed9i An uy t\u00edn, chuy\u00ean Suit Hoi An v\u00e0 Vest H\u1ed9i An may \u0111o cao c\u1ea5p, d\u1ecbch v\u1ee5 t\u1eadn t\u00e2m, \u0111\u00e1p \u1ee9ng m\u1ecdi y\u00eau c\u1ea7u trong 24 gi\u1edd.\" \/>\n<meta property=\"og:url\" content=\"https:\/\/adongsilk.com\/vi\/contact-us\/\" \/>\n<meta property=\"og:site_name\" content=\"A DONG SILK I Hoi An Tailor\" \/>\n<meta property=\"article:modified_time\" content=\"2025-08-12T03:31:25+00:00\" \/>\n<meta name=\"twitter:card\" content=\"summary_large_image\" \/>\n<script type=\"application\/ld+json\" class=\"yoast-schema-graph\">{\"@context\":\"https:\/\/schema.org\",\"@graph\":[{\"@type\":\"WebPage\",\"@id\":\"https:\/\/adongsilk.com\/vi\/contact-us\/\",\"url\":\"https:\/\/adongsilk.com\/vi\/contact-us\/\",\"name\":\"Li\u00ean h\u1ec7 - A DONG SILK I Hoi An Tailor I Best Custom Tailors in Hoi An\",\"isPartOf\":{\"@id\":\"https:\/\/adongsilk.com\/#website\"},\"datePublished\":\"2018-05-08T06:26:47+00:00\",\"dateModified\":\"2025-08-12T03:31:25+00:00\",\"description\":\"A Dong Silk \u2013 th\u1ee3 may H\u1ed9i An uy t\u00edn, chuy\u00ean Suit Hoi An v\u00e0 Vest H\u1ed9i An may \u0111o cao c\u1ea5p, d\u1ecbch v\u1ee5 t\u1eadn t\u00e2m, \u0111\u00e1p \u1ee9ng m\u1ecdi y\u00eau c\u1ea7u trong 24 gi\u1edd.\",\"breadcrumb\":{\"@id\":\"https:\/\/adongsilk.com\/vi\/contact-us\/#breadcrumb\"},\"inLanguage\":\"vi\",\"potentialAction\":[{\"@type\":\"ReadAction\",\"target\":[\"https:\/\/adongsilk.com\/vi\/contact-us\/\"]}]},{\"@type\":\"BreadcrumbList\",\"@id\":\"https:\/\/adongsilk.com\/vi\/contact-us\/#breadcrumb\",\"itemListElement\":[{\"@type\":\"ListItem\",\"position\":1,\"name\":\"Home\",\"item\":\"https:\/\/adongsilk.com\/vi\/\"},{\"@type\":\"ListItem\",\"position\":2,\"name\":\"Li\u00ean h\u1ec7\"}]},{\"@type\":\"WebSite\",\"@id\":\"https:\/\/adongsilk.com\/#website\",\"url\":\"https:\/\/adongsilk.com\/\",\"name\":\"A DONG SILK I Hoi An Tailor\",\"description\":\"A Dong Silk Tailor Hoi An I Best Tailor Hoi An\",\"publisher\":{\"@id\":\"https:\/\/adongsilk.com\/#organization\"},\"potentialAction\":[{\"@type\":\"SearchAction\",\"target\":{\"@type\":\"EntryPoint\",\"urlTemplate\":\"https:\/\/adongsilk.com\/?s={search_term_string}\"},\"query-input\":{\"@type\":\"PropertyValueSpecification\",\"valueRequired\":true,\"valueName\":\"search_term_string\"}}],\"inLanguage\":\"vi\"},{\"@type\":\"Organization\",\"@id\":\"https:\/\/adongsilk.com\/#organization\",\"name\":\"A DONG SILK I Hoi An Tailor\",\"url\":\"https:\/\/adongsilk.com\/\",\"logo\":{\"@type\":\"ImageObject\",\"inLanguage\":\"vi\",\"@id\":\"https:\/\/adongsilk.com\/#\/schema\/logo\/image\/\",\"url\":\"https:\/\/adongsilk.com\/wp-content\/uploads\/2026\/03\/cropped-Logo_ADS-03_2026_personal-tailoring1-scaled-1.png\",\"contentUrl\":\"https:\/\/adongsilk.com\/wp-content\/uploads\/2026\/03\/cropped-Logo_ADS-03_2026_personal-tailoring1-scaled-1.png\",\"width\":2075,\"height\":612,\"caption\":\"A DONG SILK I Hoi An Tailor\"},\"image\":{\"@id\":\"https:\/\/adongsilk.com\/#\/schema\/logo\/image\/\"},\"sameAs\":[\"https:\/\/www.pinterest.com\/adongsilk3\/\"]}]}<\/script>\n<!-- \/ Yoast SEO plugin. -->","yoast_head_json":{"title":"Li\u00ean h\u1ec7 - A DONG SILK I Hoi An Tailor I Best Custom Tailors in Hoi An","description":"A Dong Silk \u2013 th\u1ee3 may H\u1ed9i An uy t\u00edn, chuy\u00ean Suit Hoi An v\u00e0 Vest H\u1ed9i An may \u0111o cao c\u1ea5p, d\u1ecbch v\u1ee5 t\u1eadn t\u00e2m, \u0111\u00e1p \u1ee9ng m\u1ecdi y\u00eau c\u1ea7u trong 24 gi\u1edd.","robots":{"index":"index","follow":"follow","max-snippet":"max-snippet:-1","max-image-preview":"max-image-preview:large","max-video-preview":"max-video-preview:-1"},"canonical":"https:\/\/adongsilk.com\/vi\/contact-us\/","og_locale":"vi_VN","og_type":"article","og_title":"Li\u00ean h\u1ec7 - A DONG SILK I Hoi An Tailor I Best Custom Tailors in Hoi An","og_description":"A Dong Silk \u2013 th\u1ee3 may H\u1ed9i An uy t\u00edn, chuy\u00ean Suit Hoi An v\u00e0 Vest H\u1ed9i An may \u0111o cao c\u1ea5p, d\u1ecbch v\u1ee5 t\u1eadn t\u00e2m, \u0111\u00e1p \u1ee9ng m\u1ecdi y\u00eau c\u1ea7u trong 24 gi\u1edd.","og_url":"https:\/\/adongsilk.com\/vi\/contact-us\/","og_site_name":"A DONG SILK I Hoi An Tailor","article_modified_time":"2025-08-12T03:31:25+00:00","twitter_card":"summary_large_image","schema":{"@context":"https:\/\/schema.org","@graph":[{"@type":"WebPage","@id":"https:\/\/adongsilk.com\/vi\/contact-us\/","url":"https:\/\/adongsilk.com\/vi\/contact-us\/","name":"Li\u00ean h\u1ec7 - A DONG SILK I Hoi An Tailor I Best Custom Tailors in Hoi An","isPartOf":{"@id":"https:\/\/adongsilk.com\/#website"},"datePublished":"2018-05-08T06:26:47+00:00","dateModified":"2025-08-12T03:31:25+00:00","description":"A Dong Silk \u2013 th\u1ee3 may H\u1ed9i An uy t\u00edn, chuy\u00ean Suit Hoi An v\u00e0 Vest H\u1ed9i An may \u0111o cao c\u1ea5p, d\u1ecbch v\u1ee5 t\u1eadn t\u00e2m, \u0111\u00e1p \u1ee9ng m\u1ecdi y\u00eau c\u1ea7u trong 24 gi\u1edd.","breadcrumb":{"@id":"https:\/\/adongsilk.com\/vi\/contact-us\/#breadcrumb"},"inLanguage":"vi","potentialAction":[{"@type":"ReadAction","target":["https:\/\/adongsilk.com\/vi\/contact-us\/"]}]},{"@type":"BreadcrumbList","@id":"https:\/\/adongsilk.com\/vi\/contact-us\/#breadcrumb","itemListElement":[{"@type":"ListItem","position":1,"name":"Home","item":"https:\/\/adongsilk.com\/vi\/"},{"@type":"ListItem","position":2,"name":"Li\u00ean h\u1ec7"}]},{"@type":"WebSite","@id":"https:\/\/adongsilk.com\/#website","url":"https:\/\/adongsilk.com\/","name":"A DONG SILK I Hoi An Tailor","description":"A Dong Silk Tailor Hoi An I Best Tailor Hoi An","publisher":{"@id":"https:\/\/adongsilk.com\/#organization"},"potentialAction":[{"@type":"SearchAction","target":{"@type":"EntryPoint","urlTemplate":"https:\/\/adongsilk.com\/?s={search_term_string}"},"query-input":{"@type":"PropertyValueSpecification","valueRequired":true,"valueName":"search_term_string"}}],"inLanguage":"vi"},{"@type":"Organization","@id":"https:\/\/adongsilk.com\/#organization","name":"A DONG SILK I Hoi An Tailor","url":"https:\/\/adongsilk.com\/","logo":{"@type":"ImageObject","inLanguage":"vi","@id":"https:\/\/adongsilk.com\/#\/schema\/logo\/image\/","url":"https:\/\/adongsilk.com\/wp-content\/uploads\/2026\/03\/cropped-Logo_ADS-03_2026_personal-tailoring1-scaled-1.png","contentUrl":"https:\/\/adongsilk.com\/wp-content\/uploads\/2026\/03\/cropped-Logo_ADS-03_2026_personal-tailoring1-scaled-1.png","width":2075,"height":612,"caption":"A DONG SILK I Hoi An Tailor"},"image":{"@id":"https:\/\/adongsilk.com\/#\/schema\/logo\/image\/"},"sameAs":["https:\/\/www.pinterest.com\/adongsilk3\/"]}]}},"_links":{"self":[{"href":"https:\/\/adongsilk.com\/vi\/wp-json\/wp\/v2\/pages\/2012","targetHints":{"allow":["GET"]}}],"collection":[{"href":"https:\/\/adongsilk.com\/vi\/wp-json\/wp\/v2\/pages"}],"about":[{"href":"https:\/\/adongsilk.com\/vi\/wp-json\/wp\/v2\/types\/page"}],"author":[{"embeddable":true,"href":"https:\/\/adongsilk.com\/vi\/wp-json\/wp\/v2\/users\/1"}],"replies":[{"embeddable":true,"href":"https:\/\/adongsilk.com\/vi\/wp-json\/wp\/v2\/comments?post=2012"}],"version-history":[{"count":7,"href":"https:\/\/adongsilk.com\/vi\/wp-json\/wp\/v2\/pages\/2012\/revisions"}],"predecessor-version":[{"id":37263,"href":"https:\/\/adongsilk.com\/vi\/wp-json\/wp\/v2\/pages\/2012\/revisions\/37263"}],"wp:attachment":[{"href":"https:\/\/adongsilk.com\/vi\/wp-json\/wp\/v2\/media?parent=2012"}],"curies":[{"name":"wp","href":"https:\/\/api.w.org\/{rel}","templated":true}]}}